{"id":363,"date":"2022-03-17T09:35:09","date_gmt":"2022-03-17T08:35:09","guid":{"rendered":"http:\/\/raffeiner.atomproductions.at\/?page_id=363"},"modified":"2022-03-31T12:07:55","modified_gmt":"2022-03-31T10:07:55","slug":"unternehmensphilosophie","status":"publish","type":"page","link":"https:\/\/www.studien-monitor.at\/de\/unternehmen\/unternehmensphilosophie\/","title":{"rendered":"Unternehmensphilosophie"},"content":{"rendered":"\n<p class=\"has-text-align-center has-atom-main-1-light-background-color has-background has-medium-font-size\" style=\"font-style:italic;font-weight:500\"><em>Unsere Vision ist es<\/em>,<em> als anerkanntes Unternehmen kompetente Komplett-L\u00f6sungen im Bereich der klinischen interventionellen und nicht-interventionellen Studien im deutschsprachigen Raum anzubieten.<\/em><\/p>\n\n\n\n<p>Wir bem\u00fchen uns daher&nbsp;um eine laufende Steigerung und Erweiterung von Kompetenz und Qualit\u00e4t in existenten aber auch in neuen Unternehmensbereichen. Wir wollen dies erreichen, indem wir unsere Kernbereiche stetig erweitern und als fairer Arbeitgeber unsere Mitarbeiter langfristig an das Unternehmen binden.<\/p>\n\n\n\n<p>Das Unternehmen wird famili\u00e4r, partnerschaftlich und mit flachen Hierarchien gef\u00fchrt. Dabei bieten wir unseren Mitarbeitern flexible Arbeitszeitmodelle sowie umfassende Weiterbildungs- und Entwicklungsm\u00f6glichkeiten. <\/p>\n\n\n\n<p>Unsere gemeinsamen Werte sind: Engagement, Fairness, gegenseitiges Unterst\u00fctzen, Vertrauen und Verst\u00e4ndnis, st\u00e4ndige Weiterbildung und die F\u00e4higkeit zur Erarbeitung von individuellen L\u00f6sungen.<\/p>\n","protected":false},"excerpt":{"rendered":"<p>Unsere Vision ist es, als anerkanntes Unternehmen kompetente Komplett-L\u00f6sungen im Bereich der klinischen interventionellen und nicht-interventionellen Studien im deutschsprachigen Raum anzubieten. Wir bem\u00fchen uns daher&nbsp;um eine laufende Steigerung und Erweiterung von Kompetenz und Qualit\u00e4t in existenten aber auch in neuen Unternehmensbereichen. Wir wollen dies erreichen, indem wir unsere Kernbereiche stetig erweitern und als fairer Arbeitgeber [&hellip;]<\/p>\n","protected":false},"author":1,"featured_media":0,"parent":359,"menu_order":0,"comment_status":"closed","ping_status":"closed","template":"","meta":{"inline_featured_image":false},"acf":[],"yoast_head":"<!-- This site is optimized with the Yoast SEO plugin v19.9 - https:\/\/yoast.com\/wordpress\/plugins\/seo\/ -->\n<title>Unternehmensphilosophie - Raffeiner Studien Monitor<\/title>\n<meta name=\"robots\" content=\"index, follow, max-snippet:-1, max-image-preview:large, max-video-preview:-1\" \/>\n<link rel=\"canonical\" href=\"https:\/\/www.studien-monitor.at\/de\/unternehmen\/unternehmensphilosophie\/\" \/>\n<meta property=\"og:locale\" content=\"de_DE\" \/>\n<meta property=\"og:type\" content=\"article\" \/>\n<meta property=\"og:title\" content=\"Unternehmensphilosophie - Raffeiner Studien Monitor\" \/>\n<meta property=\"og:description\" content=\"Unsere Vision ist es, als anerkanntes Unternehmen kompetente Komplett-L\u00f6sungen im Bereich der klinischen interventionellen und nicht-interventionellen Studien im deutschsprachigen Raum anzubieten. Wir bem\u00fchen uns daher&nbsp;um eine laufende Steigerung und Erweiterung von Kompetenz und Qualit\u00e4t in existenten aber auch in neuen Unternehmensbereichen. Wir wollen dies erreichen, indem wir unsere Kernbereiche stetig erweitern und als fairer Arbeitgeber [&hellip;]\" \/>\n<meta property=\"og:url\" content=\"https:\/\/www.studien-monitor.at\/de\/unternehmen\/unternehmensphilosophie\/\" \/>\n<meta property=\"og:site_name\" content=\"Raffeiner Studien Monitor\" \/>\n<meta property=\"article:modified_time\" content=\"2022-03-31T10:07:55+00:00\" \/>\n<meta name=\"twitter:card\" content=\"summary_large_image\" \/>\n<meta name=\"twitter:label1\" content=\"Gesch\u00e4tzte Lesezeit\" \/>\n\t<meta name=\"twitter:data1\" content=\"1\u00a0Minute\" \/>\n<script type=\"application\/ld+json\" class=\"yoast-schema-graph\">{\"@context\":\"https:\/\/schema.org\",\"@graph\":[{\"@type\":\"WebPage\",\"@id\":\"https:\/\/www.studien-monitor.at\/de\/unternehmen\/unternehmensphilosophie\/\",\"url\":\"https:\/\/www.studien-monitor.at\/de\/unternehmen\/unternehmensphilosophie\/\",\"name\":\"Unternehmensphilosophie - Raffeiner Studien Monitor\",\"isPartOf\":{\"@id\":\"https:\/\/www.studien-monitor.at\/de\/#website\"},\"datePublished\":\"2022-03-17T08:35:09+00:00\",\"dateModified\":\"2022-03-31T10:07:55+00:00\",\"breadcrumb\":{\"@id\":\"https:\/\/www.studien-monitor.at\/de\/unternehmen\/unternehmensphilosophie\/#breadcrumb\"},\"inLanguage\":\"de\",\"potentialAction\":[{\"@type\":\"ReadAction\",\"target\":[\"https:\/\/www.studien-monitor.at\/de\/unternehmen\/unternehmensphilosophie\/\"]}]},{\"@type\":\"BreadcrumbList\",\"@id\":\"https:\/\/www.studien-monitor.at\/de\/unternehmen\/unternehmensphilosophie\/#breadcrumb\",\"itemListElement\":[{\"@type\":\"ListItem\",\"position\":1,\"name\":\"Startseite\",\"item\":\"https:\/\/www.studien-monitor.at\/de\/\"},{\"@type\":\"ListItem\",\"position\":2,\"name\":\"Unternehmen\",\"item\":\"https:\/\/www.studien-monitor.at\/de\/unternehmen\/\"},{\"@type\":\"ListItem\",\"position\":3,\"name\":\"Unternehmensphilosophie\"}]},{\"@type\":\"WebSite\",\"@id\":\"https:\/\/www.studien-monitor.at\/de\/#website\",\"url\":\"https:\/\/www.studien-monitor.at\/de\/\",\"name\":\"Raffeiner Studien Monitor\",\"description\":\"\",\"potentialAction\":[{\"@type\":\"SearchAction\",\"target\":{\"@type\":\"EntryPoint\",\"urlTemplate\":\"https:\/\/www.studien-monitor.at\/de\/?s={search_term_string}\"},\"query-input\":\"required name=search_term_string\"}],\"inLanguage\":\"de\"}]}<\/script>\n<!-- \/ Yoast SEO plugin. -->","yoast_head_json":{"title":"Unternehmensphilosophie - Raffeiner Studien Monitor","robots":{"index":"index","follow":"follow","max-snippet":"max-snippet:-1","max-image-preview":"max-image-preview:large","max-video-preview":"max-video-preview:-1"},"canonical":"https:\/\/www.studien-monitor.at\/de\/unternehmen\/unternehmensphilosophie\/","og_locale":"de_DE","og_type":"article","og_title":"Unternehmensphilosophie - Raffeiner Studien Monitor","og_description":"Unsere Vision ist es, als anerkanntes Unternehmen kompetente Komplett-L\u00f6sungen im Bereich der klinischen interventionellen und nicht-interventionellen Studien im deutschsprachigen Raum anzubieten. Wir bem\u00fchen uns daher&nbsp;um eine laufende Steigerung und Erweiterung von Kompetenz und Qualit\u00e4t in existenten aber auch in neuen Unternehmensbereichen. Wir wollen dies erreichen, indem wir unsere Kernbereiche stetig erweitern und als fairer Arbeitgeber [&hellip;]","og_url":"https:\/\/www.studien-monitor.at\/de\/unternehmen\/unternehmensphilosophie\/","og_site_name":"Raffeiner Studien Monitor","article_modified_time":"2022-03-31T10:07:55+00:00","twitter_card":"summary_large_image","twitter_misc":{"Gesch\u00e4tzte Lesezeit":"1\u00a0Minute"},"schema":{"@context":"https:\/\/schema.org","@graph":[{"@type":"WebPage","@id":"https:\/\/www.studien-monitor.at\/de\/unternehmen\/unternehmensphilosophie\/","url":"https:\/\/www.studien-monitor.at\/de\/unternehmen\/unternehmensphilosophie\/","name":"Unternehmensphilosophie - Raffeiner Studien Monitor","isPartOf":{"@id":"https:\/\/www.studien-monitor.at\/de\/#website"},"datePublished":"2022-03-17T08:35:09+00:00","dateModified":"2022-03-31T10:07:55+00:00","breadcrumb":{"@id":"https:\/\/www.studien-monitor.at\/de\/unternehmen\/unternehmensphilosophie\/#breadcrumb"},"inLanguage":"de","potentialAction":[{"@type":"ReadAction","target":["https:\/\/www.studien-monitor.at\/de\/unternehmen\/unternehmensphilosophie\/"]}]},{"@type":"BreadcrumbList","@id":"https:\/\/www.studien-monitor.at\/de\/unternehmen\/unternehmensphilosophie\/#breadcrumb","itemListElement":[{"@type":"ListItem","position":1,"name":"Startseite","item":"https:\/\/www.studien-monitor.at\/de\/"},{"@type":"ListItem","position":2,"name":"Unternehmen","item":"https:\/\/www.studien-monitor.at\/de\/unternehmen\/"},{"@type":"ListItem","position":3,"name":"Unternehmensphilosophie"}]},{"@type":"WebSite","@id":"https:\/\/www.studien-monitor.at\/de\/#website","url":"https:\/\/www.studien-monitor.at\/de\/","name":"Raffeiner Studien Monitor","description":"","potentialAction":[{"@type":"SearchAction","target":{"@type":"EntryPoint","urlTemplate":"https:\/\/www.studien-monitor.at\/de\/?s={search_term_string}"},"query-input":"required name=search_term_string"}],"inLanguage":"de"}]}},"_links":{"self":[{"href":"https:\/\/www.studien-monitor.at\/de\/wp-json\/wp\/v2\/pages\/363"}],"collection":[{"href":"https:\/\/www.studien-monitor.at\/de\/wp-json\/wp\/v2\/pages"}],"about":[{"href":"https:\/\/www.studien-monitor.at\/de\/wp-json\/wp\/v2\/types\/page"}],"author":[{"embeddable":true,"href":"https:\/\/www.studien-monitor.at\/de\/wp-json\/wp\/v2\/users\/1"}],"replies":[{"embeddable":true,"href":"https:\/\/www.studien-monitor.at\/de\/wp-json\/wp\/v2\/comments?post=363"}],"version-history":[{"count":2,"href":"https:\/\/www.studien-monitor.at\/de\/wp-json\/wp\/v2\/pages\/363\/revisions"}],"predecessor-version":[{"id":410,"href":"https:\/\/www.studien-monitor.at\/de\/wp-json\/wp\/v2\/pages\/363\/revisions\/410"}],"up":[{"embeddable":true,"href":"https:\/\/www.studien-monitor.at\/de\/wp-json\/wp\/v2\/pages\/359"}],"wp:attachment":[{"href":"https:\/\/www.studien-monitor.at\/de\/wp-json\/wp\/v2\/media?parent=363"}],"curies":[{"name":"wp","href":"https:\/\/api.w.org\/{rel}","templated":true}]}}