{"id":361,"date":"2022-03-17T09:33:49","date_gmt":"2022-03-17T08:33:49","guid":{"rendered":"http:\/\/raffeiner.atomproductions.at\/?page_id=361"},"modified":"2022-03-31T13:29:02","modified_gmt":"2022-03-31T11:29:02","slug":"unternehmenspolitik","status":"publish","type":"page","link":"https:\/\/www.studien-monitor.at\/de\/unternehmen\/unternehmenspolitik\/","title":{"rendered":"Unternehmenspolitik"},"content":{"rendered":"\n<p class=\"has-text-align-left has-atom-main-1-light-background-color has-background\" style=\"font-size:25px;font-style:italic;font-weight:700\"><em>Aufgaben und Ziele<\/em><\/p>\n\n\n\n<p>Es ist unser Ziel, unter Beachtung der erforderlichen Wirtschaftlichkeit durch ma\u00dfgeschneiderte Leistungen auf hohem technischen Standard in den Fachbereichen<\/p>\n\n\n\n<ul><li>Begleitung und \u00dcberwachung (Monitoring und Projektmanagement)\u00a0von klinischen\u00a0Studien gem\u00e4\u00df \u00f6sterreichischem Arzneimittelgesetz (AMG) oder Medizinproduktegesetz (MPG)\u00a0<\/li><li>Projektmanagement und Betreuung von nicht-interventionellen Studien und Post Marketing Observational Studies<\/li><li>Planung, Erstellung und Auswertung klinischer Studien und nicht-interventioneller Studien<\/li><li>eCRF-Entwicklung und Datenmanagement mittels eines benutzerfreundlichen, firmeneigenen eCRF-Systems<\/li><li>Unternehmensberatung und Vortragst\u00e4gigkeit (Seminare f\u00fcr Pr\u00fcf\u00e4rzte und Monitore: GCP, Patientenaufkl\u00e4rung, Praktisches Monitoring inklusive Coaching und Start-up Begleitung, Essentielle Studiendokumentation, SOP Trainings)<\/li><li>Durchf\u00fchrung von Audits an Pr\u00fcfzentren, bei CROs oder beim Kunden selbst<\/li><li>Pharmakovigilanz und SUSAR-Reporting\u00a0<\/li><li>Recruitment Services<\/li><li>Medical Writing<\/li><\/ul>\n\n\n\n<p>nachhaltige Kundenzufriedenheit sicher zu stellen. <br>Mithilfe unseres Managementsystems verfolgen wir dabei eine Qualit\u00e4tspolitik in Richtung st\u00e4ndiger Qualit\u00e4tssteigerung und Fehlervermeidung.<\/p>\n\n\n\n<p class=\"has-medium-font-size\"><strong>Daher ist es unsere Aufgabe:<\/strong><\/p>\n\n\n\n<ul><li>klare Leistungsbilder f\u00fcr die Kunden und andere Interessenspartner&nbsp;zu erstellen<\/li><li>w\u00e4hrend der gesamten Projektabwicklung durch kompetente Mitarbeiter einen engen Kontakt zum Kunden zu halten<\/li><li>durch klare Strukturen und Anweisungen eine optimale Projektabwicklung zu gew\u00e4hrleisten<\/li><li>unsere Kompetenz und unser Wissen laufend auszubauen<\/li><li>sicherzustellen, dass beteiligte Subunternehmer unsere hohen Standards einhalten<\/li><\/ul>\n\n\n\n<p class=\"has-medium-font-size\"><strong>Das bedeutet f\u00fcr unsere gemeinsame Arbeit<\/strong>:<\/p>\n\n\n\n<ul><li>erworbenes Fachwissen anwenden und weitergeben<\/li><li>im Team die gemeinsamen Ziele verfolgen<\/li><li>Informationen schnell und direkt bearbeiten und weitergeben, dabei jedoch immer die Datensicherheit zu beachten<\/li><li>durch offene Kommunikation zu einem freundschaftlichen Umgang beitragen<\/li><li>flexibel mit zeitlichen und fachlichen Anforderungen umgehen<\/li><li>und dadurch Spa\u00df, Freude und Zufriedenheit an der Arbeit zu erreichen<\/li><\/ul>\n\n\n\n<p>Durch eine st\u00e4ndige Optimierung aller Prozesse sowie unseres Managementsystems soll auf Dauer eine Verbesserung unserer Unternehmensleistung gew\u00e4hrleistet werden. Es ist uns eine Verpflichtung, unsere Dienstleistung stets im Einklang mit den geltenden gesetzlichen Vorschriften sowie den erteilten beh\u00f6rdlichen Auflagen zu erbringen.<\/p>\n\n\n\n<p>Diese Unternehmenspolitik wird jedem Mitarbeiter bei Arbeitsbeginn und zumindest 1x j\u00e4hrlich im Sinne der Bewusstseinsbildung bekannt gemacht sowie auf der Firmenhomepage ver\u00f6ffentlicht.<\/p>\n\n\n\n<p class=\"has-atom-main-1-light-background-color has-background\" style=\"font-size:25px;font-style:italic;font-weight:700\"><em>Kunden und Pr\u00fcf\u00e4rzte<\/em><\/p>\n\n\n\n<p>Der Gesch\u00e4ftsf\u00fchrer definiert als Ziel nicht den kurzfristigen raschen Gewinn, sondern den langfristigen und dauerhaften Erfolg.<br>F\u00fcr unsere Kunden wollen wir daher ein verl\u00e4sslicher Kooperationspartner in unserem gemeinsamen Gesch\u00e4ftsfeld sein. Mit all unserer Kraft werden wir versuchen, unsere Verantwortlichkeiten resultierend aus den europ\u00e4ischen Regularien und \u00f6sterreichischen Gesetzen (AMG &amp; MPG, Datenschutzgesetz), ICH \/ GCP und den Standardverfahrensanweisungen des Sponsors, bestm\u00f6glich zu erf\u00fcllen.<\/p>\n\n\n\n<p>In Hinblick auf unser Haupt-Gesch\u00e4ftsfeld, das Monitoring und Projektmanagement von klinischen Pr\u00fcfungen, soll unser Auftreten inhaltlich und sozial so kompetent sein, dass der Pr\u00fcfarzt als m\u00f6glicher Kunde des Sponsors, mit unserer Dienstleistung zufrieden ist. Dies darf jedoch nicht bedeuten, dass unsere gesetzlichen und vertraglichen Verpflichtungen nicht eingehalten werden. Entstehende Konflikte werden mit unseren Kunden rechtzeitig besprochen. <br><br>Unsere Honorarnoten werden zeitgerecht nach den gesetzlichen Vorschriften gelegt. Kundenw\u00fcnsche werden bestm\u00f6glich ber\u00fccksichtigt. Da unser Unternehmen gleichzeitig mehrere Kunden betreuen kann, ist es wichtig, Interessenskonflikte von vornherein zu vermeiden. Wir garantieren, dass nicht der gleiche Mitarbeiter denselben Pr\u00fcfarzt in klinischen Pr\u00fcfungen im selben Indikationsgebiet im Auftrag von 2 Kunden betreut.<\/p>\n\n\n\n<p class=\"has-atom-main-1-light-background-color has-background\" style=\"font-size:25px;font-style:italic;font-weight:700\"><em>Partner und Lieferanten<\/em><\/p>\n\n\n\n<p>Bei unseren Partnern und Lieferanten wollen wir ein verl\u00e4sslicher Gesch\u00e4ftspartner sein. Erhaltene Leistungen werden zeit- und termingerecht bezahlt. Bei der Angebotslegung werden wir nicht nur auf den Mindestpreis achten, sondern insbesondere auch die Faktoren Kompetenz, fr\u00fchere Zusammenarbeit, Termintreue und Verl\u00e4sslichkeit beachten.<\/p>\n\n\n\n<p class=\"has-atom-main-1-light-background-color has-background\" style=\"font-size:25px;font-style:italic;font-weight:700\"><em>Mitarbeiter<\/em><\/p>\n\n\n\n<p>Unser Unternehmen braucht die Kompetenz und das Wissen der Mitarbeiter, um langfristig am Markt erfolgreich bestehen zu k\u00f6nnen. Es ist evident, dass das Unternehmen an seinen Resultaten und Ergebnissen gemessen wird. Dazu ist harte und intensive Arbeit notwendig. Vertrauen und Respekt untereinander sind im Umgang miteinander unverzichtbar. Daher verdienen unsere Mitarbeiter den Respekt des Unternehmens und gute Leistungen werden honoriert. Die Mitarbeiter bekommen innerhalb von klaren Vorgaben einen maximal m\u00f6glichen Freiraum zur individuellen Zielerreichung.<\/p>\n\n\n\n<p class=\"has-medium-font-size\"><strong>Gesellschaft<\/strong><\/p>\n\n\n\n<p>Im Rahmen unserer Dienstleistung haben wir als Hauptzweck sicherzustellen, dass die Rechte hinsichtlich der Vertraulichkeit, Datenschutz und Sicherheit und das Wohlergehen der rekrutierten Studienpatienten gesch\u00fctzt werden. Im Sinne der Gleichberechtigung garantiert unser Unternehmen Chancengleichheit f\u00fcr Frauen.<br>Das Unternehmen sieht es als gesellschaftliche Verpflichtung und Verantwortung an, im Rahmen unserer wirtschaftlichen M\u00f6glichkeiten junge Menschen als Lehrlinge einzustellen und auszubilden.<\/p>\n\n\n\n<p class=\"has-medium-font-size\"><strong>Gesetzliche Verantwortung<\/strong><\/p>\n\n\n\n<p>Das Unternehmen garantiert f\u00fcr das Unternehmen und f\u00fcr seine Mitarbeiter, die Einhaltung der relevanten gesetzlichen Vorschriften. Verst\u00f6\u00dfe werden nicht geduldet und entsprechende Ma\u00dfnahmen werden gesetzt.<\/p>\n","protected":false},"excerpt":{"rendered":"<p>Aufgaben und Ziele Es ist unser Ziel, unter Beachtung der erforderlichen Wirtschaftlichkeit durch ma\u00dfgeschneiderte Leistungen auf hohem technischen Standard in den Fachbereichen Begleitung und \u00dcberwachung (Monitoring und Projektmanagement)\u00a0von klinischen\u00a0Studien gem\u00e4\u00df \u00f6sterreichischem Arzneimittelgesetz (AMG) oder Medizinproduktegesetz (MPG)\u00a0 Projektmanagement und Betreuung von nicht-interventionellen Studien und Post Marketing Observational Studies Planung, Erstellung und Auswertung klinischer Studien und nicht-interventioneller [&hellip;]<\/p>\n","protected":false},"author":1,"featured_media":0,"parent":359,"menu_order":0,"comment_status":"closed","ping_status":"closed","template":"","meta":{"inline_featured_image":false},"acf":[],"yoast_head":"<!-- This site is optimized with the Yoast SEO plugin v19.9 - https:\/\/yoast.com\/wordpress\/plugins\/seo\/ -->\n<title>Unternehmenspolitik - Raffeiner Studien Monitor<\/title>\n<meta name=\"robots\" content=\"index, follow, max-snippet:-1, max-image-preview:large, max-video-preview:-1\" \/>\n<link rel=\"canonical\" href=\"https:\/\/www.studien-monitor.at\/de\/unternehmen\/unternehmenspolitik\/\" \/>\n<meta property=\"og:locale\" content=\"de_DE\" \/>\n<meta property=\"og:type\" content=\"article\" \/>\n<meta property=\"og:title\" content=\"Unternehmenspolitik - Raffeiner Studien Monitor\" \/>\n<meta property=\"og:description\" content=\"Aufgaben und Ziele Es ist unser Ziel, unter Beachtung der erforderlichen Wirtschaftlichkeit durch ma\u00dfgeschneiderte Leistungen auf hohem technischen Standard in den Fachbereichen Begleitung und \u00dcberwachung (Monitoring und Projektmanagement)\u00a0von klinischen\u00a0Studien gem\u00e4\u00df \u00f6sterreichischem Arzneimittelgesetz (AMG) oder Medizinproduktegesetz (MPG)\u00a0 Projektmanagement und Betreuung von nicht-interventionellen Studien und Post Marketing Observational Studies Planung, Erstellung und Auswertung klinischer Studien und nicht-interventioneller [&hellip;]\" \/>\n<meta property=\"og:url\" content=\"https:\/\/www.studien-monitor.at\/de\/unternehmen\/unternehmenspolitik\/\" \/>\n<meta property=\"og:site_name\" content=\"Raffeiner Studien Monitor\" \/>\n<meta property=\"article:modified_time\" content=\"2022-03-31T11:29:02+00:00\" \/>\n<meta name=\"twitter:card\" content=\"summary_large_image\" \/>\n<meta name=\"twitter:label1\" content=\"Gesch\u00e4tzte Lesezeit\" \/>\n\t<meta name=\"twitter:data1\" content=\"4\u00a0Minuten\" \/>\n<script type=\"application\/ld+json\" class=\"yoast-schema-graph\">{\"@context\":\"https:\/\/schema.org\",\"@graph\":[{\"@type\":\"WebPage\",\"@id\":\"https:\/\/www.studien-monitor.at\/de\/unternehmen\/unternehmenspolitik\/\",\"url\":\"https:\/\/www.studien-monitor.at\/de\/unternehmen\/unternehmenspolitik\/\",\"name\":\"Unternehmenspolitik - Raffeiner Studien Monitor\",\"isPartOf\":{\"@id\":\"https:\/\/www.studien-monitor.at\/de\/#website\"},\"datePublished\":\"2022-03-17T08:33:49+00:00\",\"dateModified\":\"2022-03-31T11:29:02+00:00\",\"breadcrumb\":{\"@id\":\"https:\/\/www.studien-monitor.at\/de\/unternehmen\/unternehmenspolitik\/#breadcrumb\"},\"inLanguage\":\"de\",\"potentialAction\":[{\"@type\":\"ReadAction\",\"target\":[\"https:\/\/www.studien-monitor.at\/de\/unternehmen\/unternehmenspolitik\/\"]}]},{\"@type\":\"BreadcrumbList\",\"@id\":\"https:\/\/www.studien-monitor.at\/de\/unternehmen\/unternehmenspolitik\/#breadcrumb\",\"itemListElement\":[{\"@type\":\"ListItem\",\"position\":1,\"name\":\"Startseite\",\"item\":\"https:\/\/www.studien-monitor.at\/de\/\"},{\"@type\":\"ListItem\",\"position\":2,\"name\":\"Unternehmen\",\"item\":\"https:\/\/www.studien-monitor.at\/de\/unternehmen\/\"},{\"@type\":\"ListItem\",\"position\":3,\"name\":\"Unternehmenspolitik\"}]},{\"@type\":\"WebSite\",\"@id\":\"https:\/\/www.studien-monitor.at\/de\/#website\",\"url\":\"https:\/\/www.studien-monitor.at\/de\/\",\"name\":\"Raffeiner Studien Monitor\",\"description\":\"\",\"potentialAction\":[{\"@type\":\"SearchAction\",\"target\":{\"@type\":\"EntryPoint\",\"urlTemplate\":\"https:\/\/www.studien-monitor.at\/de\/?s={search_term_string}\"},\"query-input\":\"required name=search_term_string\"}],\"inLanguage\":\"de\"}]}<\/script>\n<!-- \/ Yoast SEO plugin. -->","yoast_head_json":{"title":"Unternehmenspolitik - Raffeiner Studien Monitor","robots":{"index":"index","follow":"follow","max-snippet":"max-snippet:-1","max-image-preview":"max-image-preview:large","max-video-preview":"max-video-preview:-1"},"canonical":"https:\/\/www.studien-monitor.at\/de\/unternehmen\/unternehmenspolitik\/","og_locale":"de_DE","og_type":"article","og_title":"Unternehmenspolitik - Raffeiner Studien Monitor","og_description":"Aufgaben und Ziele Es ist unser Ziel, unter Beachtung der erforderlichen Wirtschaftlichkeit durch ma\u00dfgeschneiderte Leistungen auf hohem technischen Standard in den Fachbereichen Begleitung und \u00dcberwachung (Monitoring und Projektmanagement)\u00a0von klinischen\u00a0Studien gem\u00e4\u00df \u00f6sterreichischem Arzneimittelgesetz (AMG) oder Medizinproduktegesetz (MPG)\u00a0 Projektmanagement und Betreuung von nicht-interventionellen Studien und Post Marketing Observational Studies Planung, Erstellung und Auswertung klinischer Studien und nicht-interventioneller [&hellip;]","og_url":"https:\/\/www.studien-monitor.at\/de\/unternehmen\/unternehmenspolitik\/","og_site_name":"Raffeiner Studien Monitor","article_modified_time":"2022-03-31T11:29:02+00:00","twitter_card":"summary_large_image","twitter_misc":{"Gesch\u00e4tzte Lesezeit":"4\u00a0Minuten"},"schema":{"@context":"https:\/\/schema.org","@graph":[{"@type":"WebPage","@id":"https:\/\/www.studien-monitor.at\/de\/unternehmen\/unternehmenspolitik\/","url":"https:\/\/www.studien-monitor.at\/de\/unternehmen\/unternehmenspolitik\/","name":"Unternehmenspolitik - Raffeiner Studien Monitor","isPartOf":{"@id":"https:\/\/www.studien-monitor.at\/de\/#website"},"datePublished":"2022-03-17T08:33:49+00:00","dateModified":"2022-03-31T11:29:02+00:00","breadcrumb":{"@id":"https:\/\/www.studien-monitor.at\/de\/unternehmen\/unternehmenspolitik\/#breadcrumb"},"inLanguage":"de","potentialAction":[{"@type":"ReadAction","target":["https:\/\/www.studien-monitor.at\/de\/unternehmen\/unternehmenspolitik\/"]}]},{"@type":"BreadcrumbList","@id":"https:\/\/www.studien-monitor.at\/de\/unternehmen\/unternehmenspolitik\/#breadcrumb","itemListElement":[{"@type":"ListItem","position":1,"name":"Startseite","item":"https:\/\/www.studien-monitor.at\/de\/"},{"@type":"ListItem","position":2,"name":"Unternehmen","item":"https:\/\/www.studien-monitor.at\/de\/unternehmen\/"},{"@type":"ListItem","position":3,"name":"Unternehmenspolitik"}]},{"@type":"WebSite","@id":"https:\/\/www.studien-monitor.at\/de\/#website","url":"https:\/\/www.studien-monitor.at\/de\/","name":"Raffeiner Studien Monitor","description":"","potentialAction":[{"@type":"SearchAction","target":{"@type":"EntryPoint","urlTemplate":"https:\/\/www.studien-monitor.at\/de\/?s={search_term_string}"},"query-input":"required name=search_term_string"}],"inLanguage":"de"}]}},"_links":{"self":[{"href":"https:\/\/www.studien-monitor.at\/de\/wp-json\/wp\/v2\/pages\/361"}],"collection":[{"href":"https:\/\/www.studien-monitor.at\/de\/wp-json\/wp\/v2\/pages"}],"about":[{"href":"https:\/\/www.studien-monitor.at\/de\/wp-json\/wp\/v2\/types\/page"}],"author":[{"embeddable":true,"href":"https:\/\/www.studien-monitor.at\/de\/wp-json\/wp\/v2\/users\/1"}],"replies":[{"embeddable":true,"href":"https:\/\/www.studien-monitor.at\/de\/wp-json\/wp\/v2\/comments?post=361"}],"version-history":[{"count":4,"href":"https:\/\/www.studien-monitor.at\/de\/wp-json\/wp\/v2\/pages\/361\/revisions"}],"predecessor-version":[{"id":415,"href":"https:\/\/www.studien-monitor.at\/de\/wp-json\/wp\/v2\/pages\/361\/revisions\/415"}],"up":[{"embeddable":true,"href":"https:\/\/www.studien-monitor.at\/de\/wp-json\/wp\/v2\/pages\/359"}],"wp:attachment":[{"href":"https:\/\/www.studien-monitor.at\/de\/wp-json\/wp\/v2\/media?parent=361"}],"curies":[{"name":"wp","href":"https:\/\/api.w.org\/{rel}","templated":true}]}}