{"id":2,"date":"2022-02-18T16:26:20","date_gmt":"2022-02-18T15:26:20","guid":{"rendered":"http:\/\/raffeiner.atomproductions.at\/?page_id=2"},"modified":"2025-06-14T15:55:24","modified_gmt":"2025-06-14T13:55:24","slug":"startseite","status":"publish","type":"page","link":"https:\/\/www.studien-monitor.at\/de\/","title":{"rendered":"Startseite"},"content":{"rendered":"\n    <\/div>\n<\/div>\n<div class=\"limit-width \">\n    <h2 class=\"headline-border\">Unsere Leistungen<\/h2>\n    <div class=\"slick-content-teaser\">\n        <a href=\"https:\/\/www.studien-monitor.at\/de\/leistungsangebot\/neue-leistung\/\" class=\"content-teaser\">\n    <h3>Monitoring &#038; Projektabwicklung inklusive Einreichungen<\/h3>\n        <div class=\"more-container\">\n        <span class=\"more\">Mehr erfahren<\/span>\n    <\/div>\n<\/a>\n<a href=\"https:\/\/www.studien-monitor.at\/de\/leistungsangebot\/audits\/\" class=\"content-teaser\">\n    <h3>Audits<\/h3>\n        <div class=\"more-container\">\n        <span class=\"more\">Mehr erfahren<\/span>\n    <\/div>\n<\/a>\n<a href=\"https:\/\/www.studien-monitor.at\/de\/leistungsangebot\/medizinprodukte-studien\/\" class=\"content-teaser\">\n    <h3>Unternehmensberatung und Referentent\u00e4tigkeit<\/h3>\n        <div class=\"more-container\">\n        <span class=\"more\">Mehr erfahren<\/span>\n    <\/div>\n<\/a>\n<a href=\"https:\/\/www.studien-monitor.at\/de\/leistungsangebot\/recruitment-services\/\" class=\"content-teaser\">\n    <h3>Recruitment Services<\/h3>\n        <div class=\"more-container\">\n        <span class=\"more\">Mehr erfahren<\/span>\n    <\/div>\n<\/a>\n<a href=\"https:\/\/www.studien-monitor.at\/de\/leistungsangebot\/ecrf-und-datenmanagement\/\" class=\"content-teaser\">\n    <h3>eCRF, Datenmanagement und Statistik<\/h3>\n        <div class=\"more-container\">\n        <span class=\"more\">Mehr erfahren<\/span>\n    <\/div>\n<\/a>\n<a href=\"https:\/\/www.studien-monitor.at\/de\/leistungsangebot\/nicht-interventionellestudien-nfs\/\" class=\"content-teaser\">\n    <h3>Nicht-interventionelle Studie &#8211; NIS<\/h3>\n        <div class=\"more-container\">\n        <span class=\"more\">Mehr erfahren<\/span>\n    <\/div>\n<\/a>\n    <\/div>\n<\/div>\n<div class=\"limit-width box-white\">\n    <div class=\"editor-content alignfull wp-block-post-content is-layout-constrained has-global-padding\">\n\n\n\n\n<h2 id=\"kompetenz-und-personlicher-einsatz\">Kompetenz und pers\u00f6nlicher Einsatz<\/h2>\n\n\n\n<p>Die Mag. Andreas Raffeiner GmbH ist ein \u00f6sterreichisches Unternehmen, spezialisiert auf das Monitoring und Projektmanagement von klinischen Arzneimittelstudien. Kompetente Mitarbeiter, bedarfsorientierte L\u00f6sungen und pers\u00f6nlicher Einsatz &#8211; daf\u00fcr sind wir bekannt seit dem Start des Unternehmens am 1. November 2002.<\/p>\n\n\n\n<div class=\"text-center\"><a href=\"\/de\/unternehmen\/unser-team\/\" class=\"button more\">Unser Team<\/a> <a href=\"\/de\/kontakt\/\" class=\"button\">Kontaktieren Sie uns<\/a><\/div>\n\n\n\n    <\/div>\n<\/div>\n<div class=\"limit-width box-color-light\">\n    <div class=\"container\">\n        <div class=\"row align-items-center justify-content-center\">\n            <div class=\"col-2 d-none d-md-block\">\n                <img decoding=\"async\" loading=\"lazy\" src=\"https:\/\/www.studien-monitor.at\/wp-content\/uploads\/2022\/02\/andreas_raffeiner.jpg\" width=\"310\" height=\"310\" alt=\"Portrait Andreas Raffeiner\" \/>\n            <\/div>\n            <div class=\"col-12 col-md-8 col-lg-5\">\n                <blockquote>\n                    &#8222;Ein gutes Monitoring ist die Voraussetzung f\u00fcr eine gut durchgef\u00fchrte Studie.&#8220;\n                    <div class=\"row align-items-center\">\n                        <div class=\"col-4 mt-1 d-md-none\">\n                            <img decoding=\"async\" loading=\"lazy\" src=\"https:\/\/www.studien-monitor.at\/wp-content\/uploads\/2022\/02\/andreas_raffeiner.jpg\" width=\"310\" height=\"310\" alt=\"andreas_raffeiner\" class=\"d-md-none\" \/>\n                        <\/div>\n                        <div class=\"col-8 col-md-12\">\n                            <cite>Mag. Andreas Raffeiner<\/cite>\n                        <\/div>\n                    <\/div>\n                <\/blockquote>\n            <\/div>\n        <\/div>\n    <\/div>\n<\/div>\n<div class=\"limit-width box-white\">\n    <div class=\"editor-content alignfull wp-block-post-content is-layout-constrained has-global-padding\">\n\n\n    <\/div>\n<\/div>\n<div class=\"box-grey-inset \">\n    <div class=\"container editor-content text-center\">\n        <h2>Erfahrung &amp; Qualit\u00e4tsanspruch<\/h2>\n        <p><p>Unser Augenmerk liegt dabei nicht nur auf einem ehrlichen und partnerschaftlichen Verh\u00e4ltnis mit unseren Klienten, sondern auch auf einem verantwortungsvollen Umgang mit unseren gesetzlichen und vertraglichen Verpflichtungen.<\/p>\n<\/p>\n        <div class=\"row usp-row\">\n            <div class=\"col-12 col-md-6 col-lg-3 usp-col\"><p><img decoding=\"async\" loading=\"lazy\" class=\"alignnone size-full wp-image-116\" src=\"https:\/\/www.studien-monitor.at\/wp-content\/uploads\/2022\/02\/cert.png\" alt=\"\" width=\"160\" height=\"160\" srcset=\"https:\/\/www.studien-monitor.at\/wp-content\/uploads\/2022\/02\/cert.png 160w, https:\/\/www.studien-monitor.at\/wp-content\/uploads\/2022\/02\/cert-150x150.png 150w\" sizes=\"(max-width: 160px) 100vw, 160px\" \/><\/p>\n<div>ISO 9001:2015 zertifiziert<\/div>\n<\/div><div class=\"col-12 col-md-6 col-lg-3 usp-col\"><p>Branchenexperten seit 2002<\/p>\n<\/div><div class=\"col-12 col-md-6 col-lg-3 usp-col\"><p>Garantierte Termintreue<\/p>\n<\/div><div class=\"col-12 col-md-6 col-lg-3 usp-col\"><p>Systeme extern validiert<\/p>\n<\/div>        <\/div>\n    <\/div>\n<\/div>\n<div class=\"limit-width box-white\">\n    <div class=\"editor-content alignfull wp-block-post-content is-layout-constrained has-global-padding\">\n\n\n\n    <\/div>\n<\/div>\n<div class=\"limit-width box-white\">\n    <div class=\"container\">\n        <h2 class=\"headline-border\">Aktuelles<\/h2>\n        <div class=\"row\">\n            <div class=\"col-12 col-lg-4\"><a href=\"https:\/\/www.studien-monitor.at\/de\/news\/spende-fuer-die-kinderfreunde-muehlviertel-st-georgen-gusen\/\" class=\"news-teaser\">\n    <div class=\"image-container\">\n        <img decoding=\"async\" src=\"https:\/\/www.studien-monitor.at\/wp-content\/uploads\/2024\/04\/007_11-11626_26.03.2024-768x576.jpg\" alt=\"Spende f\u00fcr die Kinderfreunde M\u00fchlviertel St. Georgen\/Gusen\" \/>    <\/div>\n    <h3>Spende f\u00fcr die Kinderfreunde M\u00fchlviertel St. Georgen\/Gusen<\/h3>\n    <div class=\"more-container\">\n        <span class=\"more\">Weiterlesen<\/span>\n    <\/div>\n<\/a>\n<\/div><div class=\"col-12 col-lg-4\"><a href=\"https:\/\/www.studien-monitor.at\/de\/news\/was-bringt-die-neue-ich-gcp-e6-r3\/\" class=\"news-teaser\">\n    <div class=\"image-container\">\n        <img decoding=\"async\" src=\"https:\/\/www.studien-monitor.at\/wp-content\/uploads\/2023\/10\/ICH_Logo.png\" alt=\"Was bringt die neue ICH-GCP E6 R3?\" \/>    <\/div>\n    <h3>Was bringt die neue ICH-GCP E6 R3?<\/h3>\n    <div class=\"more-container\">\n        <span class=\"more\">Weiterlesen<\/span>\n    <\/div>\n<\/a>\n<\/div><div class=\"col-12 col-lg-4\"><a href=\"https:\/\/www.studien-monitor.at\/de\/news\/lehre-ausgezeichnet-abgeschlossen-2\/\" class=\"news-teaser\">\n    <div class=\"image-container\">\n        <img decoding=\"async\" src=\"https:\/\/www.studien-monitor.at\/wp-content\/uploads\/2023\/10\/WhatsApp-Bild-2023-09-25-um-14.46.26_8e692449-1-768x499.jpg\" alt=\"Lehre ausgezeichnet abgeschlossen!\" \/>    <\/div>\n    <h3>Lehre ausgezeichnet abgeschlossen!<\/h3>\n    <div class=\"more-container\">\n        <span class=\"more\">Weiterlesen<\/span>\n    <\/div>\n<\/a>\n<\/div>        <\/div>\n    <\/div>\n<\/div>\n<div class=\"limit-width box-white\">\n    <div class=\"editor-content alignfull wp-block-post-content is-layout-constrained has-global-padding\">\n","protected":false},"excerpt":{"rendered":"<p>Kompetenz und pers\u00f6nlicher Einsatz Die Mag. Andreas Raffeiner GmbH ist ein \u00f6sterreichisches Unternehmen, spezialisiert auf das Monitoring und Projektmanagement von klinischen Arzneimittelstudien. Kompetente Mitarbeiter, bedarfsorientierte L\u00f6sungen und pers\u00f6nlicher Einsatz &#8211; daf\u00fcr sind wir bekannt seit dem Start des Unternehmens am 1. November 2002. Unser Team Kontaktieren Sie uns<\/p>\n","protected":false},"author":1,"featured_media":607,"parent":0,"menu_order":0,"comment_status":"closed","ping_status":"closed","template":"","meta":{"inline_featured_image":false},"acf":[],"yoast_head":"<!-- This site is optimized with the Yoast SEO plugin v19.9 - https:\/\/yoast.com\/wordpress\/plugins\/seo\/ -->\n<title>Startseite - Raffeiner Studien Monitor<\/title>\n<meta name=\"robots\" content=\"index, follow, max-snippet:-1, max-image-preview:large, max-video-preview:-1\" \/>\n<link rel=\"canonical\" href=\"https:\/\/www.studien-monitor.at\/de\/\" \/>\n<meta property=\"og:locale\" content=\"de_DE\" \/>\n<meta property=\"og:type\" content=\"article\" \/>\n<meta property=\"og:title\" content=\"Startseite - Raffeiner Studien Monitor\" \/>\n<meta property=\"og:description\" content=\"Kompetenz und pers\u00f6nlicher Einsatz Die Mag. Andreas Raffeiner GmbH ist ein \u00f6sterreichisches Unternehmen, spezialisiert auf das Monitoring und Projektmanagement von klinischen Arzneimittelstudien. Kompetente Mitarbeiter, bedarfsorientierte L\u00f6sungen und pers\u00f6nlicher Einsatz &#8211; daf\u00fcr sind wir bekannt seit dem Start des Unternehmens am 1. November 2002. Unser Team Kontaktieren Sie uns\" \/>\n<meta property=\"og:url\" content=\"https:\/\/www.studien-monitor.at\/de\/\" \/>\n<meta property=\"og:site_name\" content=\"Raffeiner Studien Monitor\" \/>\n<meta property=\"article:modified_time\" content=\"2025-06-14T13:55:24+00:00\" \/>\n<meta property=\"og:image\" content=\"https:\/\/www.studien-monitor.at\/wp-content\/uploads\/2022\/07\/header-studien-monitor.jpg\" \/>\n\t<meta property=\"og:image:width\" content=\"1920\" \/>\n\t<meta property=\"og:image:height\" content=\"1400\" \/>\n\t<meta property=\"og:image:type\" content=\"image\/jpeg\" \/>\n<meta name=\"twitter:card\" content=\"summary_large_image\" \/>\n<meta name=\"twitter:label1\" content=\"Gesch\u00e4tzte Lesezeit\" \/>\n\t<meta name=\"twitter:data1\" content=\"1\u00a0Minute\" \/>\n<script type=\"application\/ld+json\" class=\"yoast-schema-graph\">{\"@context\":\"https:\/\/schema.org\",\"@graph\":[{\"@type\":\"WebPage\",\"@id\":\"https:\/\/www.studien-monitor.at\/de\/\",\"url\":\"https:\/\/www.studien-monitor.at\/de\/\",\"name\":\"Startseite - Raffeiner Studien Monitor\",\"isPartOf\":{\"@id\":\"https:\/\/www.studien-monitor.at\/de\/#website\"},\"datePublished\":\"2022-02-18T15:26:20+00:00\",\"dateModified\":\"2025-06-14T13:55:24+00:00\",\"breadcrumb\":{\"@id\":\"https:\/\/www.studien-monitor.at\/de\/#breadcrumb\"},\"inLanguage\":\"de\",\"potentialAction\":[{\"@type\":\"ReadAction\",\"target\":[\"https:\/\/www.studien-monitor.at\/de\/\"]}]},{\"@type\":\"BreadcrumbList\",\"@id\":\"https:\/\/www.studien-monitor.at\/de\/#breadcrumb\",\"itemListElement\":[{\"@type\":\"ListItem\",\"position\":1,\"name\":\"Startseite\",\"item\":\"https:\/\/www.studien-monitor.at\/de\/\"},{\"@type\":\"ListItem\",\"position\":2,\"name\":\"Startseite\"}]},{\"@type\":\"WebSite\",\"@id\":\"https:\/\/www.studien-monitor.at\/de\/#website\",\"url\":\"https:\/\/www.studien-monitor.at\/de\/\",\"name\":\"Raffeiner Studien Monitor\",\"description\":\"\",\"potentialAction\":[{\"@type\":\"SearchAction\",\"target\":{\"@type\":\"EntryPoint\",\"urlTemplate\":\"https:\/\/www.studien-monitor.at\/de\/?s={search_term_string}\"},\"query-input\":\"required name=search_term_string\"}],\"inLanguage\":\"de\"}]}<\/script>\n<!-- \/ Yoast SEO plugin. -->","yoast_head_json":{"title":"Startseite - Raffeiner Studien Monitor","robots":{"index":"index","follow":"follow","max-snippet":"max-snippet:-1","max-image-preview":"max-image-preview:large","max-video-preview":"max-video-preview:-1"},"canonical":"https:\/\/www.studien-monitor.at\/de\/","og_locale":"de_DE","og_type":"article","og_title":"Startseite - Raffeiner Studien Monitor","og_description":"Kompetenz und pers\u00f6nlicher Einsatz Die Mag. Andreas Raffeiner GmbH ist ein \u00f6sterreichisches Unternehmen, spezialisiert auf das Monitoring und Projektmanagement von klinischen Arzneimittelstudien. Kompetente Mitarbeiter, bedarfsorientierte L\u00f6sungen und pers\u00f6nlicher Einsatz &#8211; daf\u00fcr sind wir bekannt seit dem Start des Unternehmens am 1. November 2002. Unser Team Kontaktieren Sie uns","og_url":"https:\/\/www.studien-monitor.at\/de\/","og_site_name":"Raffeiner Studien Monitor","article_modified_time":"2025-06-14T13:55:24+00:00","og_image":[{"width":1920,"height":1400,"url":"https:\/\/www.studien-monitor.at\/wp-content\/uploads\/2022\/07\/header-studien-monitor.jpg","type":"image\/jpeg"}],"twitter_card":"summary_large_image","twitter_misc":{"Gesch\u00e4tzte Lesezeit":"1\u00a0Minute"},"schema":{"@context":"https:\/\/schema.org","@graph":[{"@type":"WebPage","@id":"https:\/\/www.studien-monitor.at\/de\/","url":"https:\/\/www.studien-monitor.at\/de\/","name":"Startseite - Raffeiner Studien Monitor","isPartOf":{"@id":"https:\/\/www.studien-monitor.at\/de\/#website"},"datePublished":"2022-02-18T15:26:20+00:00","dateModified":"2025-06-14T13:55:24+00:00","breadcrumb":{"@id":"https:\/\/www.studien-monitor.at\/de\/#breadcrumb"},"inLanguage":"de","potentialAction":[{"@type":"ReadAction","target":["https:\/\/www.studien-monitor.at\/de\/"]}]},{"@type":"BreadcrumbList","@id":"https:\/\/www.studien-monitor.at\/de\/#breadcrumb","itemListElement":[{"@type":"ListItem","position":1,"name":"Startseite","item":"https:\/\/www.studien-monitor.at\/de\/"},{"@type":"ListItem","position":2,"name":"Startseite"}]},{"@type":"WebSite","@id":"https:\/\/www.studien-monitor.at\/de\/#website","url":"https:\/\/www.studien-monitor.at\/de\/","name":"Raffeiner Studien Monitor","description":"","potentialAction":[{"@type":"SearchAction","target":{"@type":"EntryPoint","urlTemplate":"https:\/\/www.studien-monitor.at\/de\/?s={search_term_string}"},"query-input":"required name=search_term_string"}],"inLanguage":"de"}]}},"_links":{"self":[{"href":"https:\/\/www.studien-monitor.at\/de\/wp-json\/wp\/v2\/pages\/2"}],"collection":[{"href":"https:\/\/www.studien-monitor.at\/de\/wp-json\/wp\/v2\/pages"}],"about":[{"href":"https:\/\/www.studien-monitor.at\/de\/wp-json\/wp\/v2\/types\/page"}],"author":[{"embeddable":true,"href":"https:\/\/www.studien-monitor.at\/de\/wp-json\/wp\/v2\/users\/1"}],"replies":[{"embeddable":true,"href":"https:\/\/www.studien-monitor.at\/de\/wp-json\/wp\/v2\/comments?post=2"}],"version-history":[{"count":32,"href":"https:\/\/www.studien-monitor.at\/de\/wp-json\/wp\/v2\/pages\/2\/revisions"}],"predecessor-version":[{"id":833,"href":"https:\/\/www.studien-monitor.at\/de\/wp-json\/wp\/v2\/pages\/2\/revisions\/833"}],"wp:featuredmedia":[{"embeddable":true,"href":"https:\/\/www.studien-monitor.at\/de\/wp-json\/wp\/v2\/media\/607"}],"wp:attachment":[{"href":"https:\/\/www.studien-monitor.at\/de\/wp-json\/wp\/v2\/media?parent=2"}],"curies":[{"name":"wp","href":"https:\/\/api.w.org\/{rel}","templated":true}]}}